{"id":1557,"date":"2020-08-23T21:22:08","date_gmt":"2020-08-23T18:22:08","guid":{"rendered":"https:\/\/blenderjuice.ee\/privacy\/"},"modified":"2020-09-02T11:25:10","modified_gmt":"2020-09-02T08:25:10","slug":"privacy","status":"publish","type":"page","link":"https:\/\/blenderjuice.ee\/en\/privacy\/","title":{"rendered":"Privacy"},"content":{"rendered":"<h3 class=\"active\">Isikuandmete t\u00f6\u00f6tlemine Apollo klubis<\/h3>\n<div>\n<ul>\n<li>Apollo klubis registreeritakse kasutaja ees- ja perekonnanimi, isikukood, telefoninumber, e-post ja vajadusel, posti ja tarneaadress, otseturunduse n\u00f5usolekud, Apollo klubi liikmena registreeritud ostud.<\/li>\n<li>Apollo Group O\u00dc (Edaspidi: Apollo Grupp) t\u00f6\u00f6tleb Apollo Klubi liikme isikuandmeid taotleja poolt Apollo Klubi taotluse esitamisel ja Apollo klubi tingimustega n\u00f5ustumisel j\u00f5ustunud lepingu alusel. Apollo klubiga liitumise taotlemisel kasutaja n\u00f5ustub kehtivate Apollo klubi tingimustega ja kinnitab oma n\u00f5usolekut tema isikuandmete (sh tema poolt esitatud isikuandmete ja tema poolt Apollo klubi liikmena sooritatavate ostude andmete) t\u00f6\u00f6tlemiseks Apollo Grupp\u2019i poolt k\u00e4esolevates tingimustes toodud viisidel ja eesm\u00e4rkidel.<\/li>\n<li>Apollo Grupp t\u00f6\u00f6tleb Apollo klubi liikme isikuandmeid lepingu t\u00e4itmise ja kliendikontode haldamise eesm\u00e4rgil, Apollo klubi liikmetele suunatud toodete ja teenuste pakkumiseks, k\u00fcsitluste korraldamiseks ning loosimiste l\u00e4biviimiseks vastavalt kehtivatele \u00f5igusaktidele.<\/li>\n<li>Apollo Grupp t\u00f6\u00f6tleb andmeid ainult ulatuses, mis on vajalik lepingu t\u00e4itmiseks ja klientide parimaks teenindamiseks ning andmeid s\u00e4ilitatakse turvaliselt vastavalt kehtivatele seadustele.<\/li>\n<li>Apollo Grupp\u2019il on \u00f5igus kasutaja isikuandmetele teostada profiilianal\u00fc\u00fcsi, et paremini m\u00f5ista klientide ootusi ja sellest tulenevalt pakkuda paremaid kaupu ja teenuseid v\u00f5imaldades otseturunduse t\u00e4psemat suunamist. Apollo klubi kasutamine ilma profiilianal\u00fc\u00fcsita ei ole v\u00f5imalik ning kasutaja poolt profiilianal\u00fc\u00fcsist keeldumisega kaasneb Apollo klubi konto sulgemine ja k\u00f5ikide Apollo klubi kasutaja \u00f5iguste l\u00f5ppemine.<\/li>\n<\/ul>\n<h3 class=\"active\">Isikuandmete edastamine ja kasutamine<\/h3>\n<div>\n<ul>\n<li>Apollo Grupp\u2019il on \u00f5igus edastada Apollo klubi liikme isikuandmeid Apollo Grupp\u2019i kuuluvatele ettev\u00f5tetele (Apollo kauplused, Apollo Kino, Blender mahlabaarid, IceCafe j\u00e4\u00e4tisebaarid, O\u00b4learys restoranid jne), kus kehtivad Apollo Klubi boonusprogrammi soodustused.<\/li>\n<li>Juhul, kui Apollo Klubi liige v\u00e4ljendab Apollo klubi taotluses soovi saada Apollo klubi pakkumisi, annab kasutaja sellega n\u00f5usoleku edastada oma nimi, e-post ja\/v\u00f5i postiaadress ja\/v\u00f5i telefoninumber postitus- ja\/v\u00f5i helistamisteenust pakkuvale ettev\u00f5tjale.<\/li>\n<li>Apollo Klubi liikme ja Apollo Grupp\u2019i vahelise lepingu t\u00e4itmiseks vajaliku info saatmiseks kliendile (Apollo klubiga seotud info, teenuse kvaliteedi k\u00fcsitlused jms) on Apollo Grupp\u2019il \u00f5igus edastada kasutaja nimi, e-post ja\/v\u00f5i postiaadress ja\/v\u00f5i telefoninumber postitusteenust pakkuvale ettev\u00f5tjale.<\/li>\n<li>Apollo Klubi liikmele pakutavate teenuste kvaliteedi t\u00f5stmise eesm\u00e4rgil on lubatud kasutaja telefoninumbri (nime n\u00e4itamata) edastamine telefonik\u00fcsitluse teenust osutavatele ettev\u00f5tjatele.<\/li>\n<li>K\u00f5igi koost\u00f6\u00f6partneritega, kellele Apollo Grupp\u2019i Apollo klubi kampaaniate raames isikuandmeid edastab, on s\u00f5lmitud lepingud isikuandmete konfidentsiaalsena hoidmise kohta.<\/li>\n<li>Apollo klubi liikmele edastatakse infot Apollo Klubi ja\/v\u00f5i koost\u00f6\u00f6partnerite kampaaniapakkumiste, toodete, teenuste ja allahindluste, boonuste piletite, kinkekaartide ning muu info v\u00f5i k\u00fcsitluste kohta elektrooniliste kanalite kaudu taotluses esitatud e-posti v\u00f5i Eestis asuva postiaadressi vahendusel, kui Apollo klubi liige on taotluses andnud n\u00f5usoleku pakkumiste saamiseks.<\/li>\n<\/ul>\n<h3>Isikuandmete muutmine<\/h3>\n<div>\n<ul>\n<li>Apollo klubi liikme andmete muutumisel palume kliendil muuta ise oma andmed Apollo kontol, logides ennast eelnevalt sisse aadressil www.apollo.ee v\u00f5i p\u00f6\u00f6rduda andmete muutumiseks klienditoe poole aadressil info@apollo.ee v\u00f5i helistades numbril 6336020.<\/li>\n<li>Apollo klubi liikme kontaktandmeid uuendatakse Apollo klubis automaatselt vastavalt Apollo grupi ettev\u00f5tete Apollo veebipoes v\u00f5i Apollo Kino kodulehel klubiliikme poolt esitatud uutele kontaktandmetele.<\/li>\n<\/ul>\n<\/div>\n<\/div>\n<h3 class=\"active\">Isikuandmete t\u00f6\u00f6tlemise n\u00f5usoleku tagasi v\u00f5tmine ja isikuandmete kustutamine<\/h3>\n<div>\n<ul>\n<li>Apollo klubi liikmel on igal ajal \u00f5igus tagasi v\u00f5tta otseturunduse n\u00f5usolekut (info edastamine sooduspakkumiste ja kampaaniate kohta, uudiskirjad), tehes seda Apollo kodulehel aadressil www.apollo.ee v\u00f5i p\u00f6\u00f6rdudes Apollo klienditoesse v\u00f5i t\u00fchistada uudiskirja tellimus l\u00e4bi uudiskirjas toodud lingi.<\/li>\n<li>Apollo klubi liikmel on igal ajal \u00f5igus loobuda enda isikuandmete t\u00f6\u00f6tlemisest lojaalsusprogrammi raames ja n\u00f5uda oma andmete kustutamist, kuid sellisel juhul ei saa Apollo Grupp v\u00f5imaldada kliendile Apollo klubi kasutamist ja k\u00f5ik Apollo klubi liikme \u00f5igused l\u00f5petatakse, sealhulgas ei saa kasutaja enam Apollo klubiga kaasnevaid soodustusi Apollo Group\u2019i poolt hallatavates m\u00fc\u00fcgipunktides ja Apollo veebipoes. Apollo klubi kasutamisega kogutud ostuboonus kustutatakse ja seda ei ole v\u00f5imalik kasutada (saadud boonuste v\u00e4\u00e4rtust kliendile ei h\u00fcvitata), suletakse juurdep\u00e4\u00e4s Apollo veebikeskondades aadressil www.apollo.ee ja www.apollokino.ee ning kustutatakse ostuajalugu. Isikuandmete kustutamiseks peab liige esitama digitaalselt allkirjastatud taotluse Apollo Grupp\u2019ile aadressil info@apollo.ee v\u00f5i p\u00f6\u00f6rduma Apollo klienditoesse. Isikuandmete kustutamise taotluse saab alla laadida <a href=\"https:\/\/www.dropbox.com\/s\/u7vskg5xvsygzos\/Apollo_Klubi_isikuandmete_kustutamise_taotlus2.docx?dl=0\">siit.<\/a><\/li>\n<li>Apollo Grupp\u2019il on \u00f5igus keelduda andmete kustutamisest taotluse rahuldamisest juhul, kui liikme isikuandmete t\u00f6\u00f6tlemine on vajalik \u00f5igusn\u00f5uete koostamiseks, esitamiseks v\u00f5i kaitsmiseks seoses isikute ja vara kaitsega. Sellisel juhul on Apollo Grupp\u2019il \u00f5igus s\u00e4ilitada liikme isiku- ja ostuandmeid kuni 3 aastat peale konto sulgemist ning peale nimetatud t\u00e4htaja saabumist kustutatakse isikuandmed automaatselt.<\/li>\n<li>Apollo Grupp vastab kasutaja taotlusele 1 kuu jooksul ning teavitab Kasutajat, kas ja milliseid meetmeid on Apollo Grupi Kasutaja taotluse lahendamiseks rakendanud. Kui taotlus on keeruline v\u00f5i mahukas, v\u00f5ib Apollo Grupp vastamise t\u00e4htaega 2 kuu v\u00f5rra pikendada. Kui Apollo Grupp ei v\u00f5ta meetmeid vastavalt Kasutaja taotlusele, teatab ta Kasutajale meetmete v\u00f5tmata j\u00e4tmise p\u00f5hjused ning selgitab v\u00f5imalust esitada kaebus Andmekaitse Inspektsioonile v\u00f5i p\u00f6\u00f6rduda oma \u00f5iguste kaitsmiseks kohtusse. Kui Kasutaja taotlused on selgelt p\u00f5hjendamatud v\u00f5i \u00fclem\u00e4\u00e4rased, eelk\u00f5ige oma korduva iseloomu t\u00f5ttu, v\u00f5ib Apollo Grupp kas: k\u00fcsida m\u00f5istlikku tasu; v\u00f5i keelduda taotletud meetmete v\u00f5tmisest.<\/li>\n<\/ul>\n<h3 class=\"active\">Apollo klubis isikuandmete s\u00e4ilitamine<\/h3>\n<div>\n<ul>\n<li>Apollo klubis s\u00e4ilitatakse klubi liikme isiku- ja ostuandmeid 10 aastat arvates konto viimasest kasutamisest (mitte-aktiivne konto) ning peale nimetatud t\u00e4htaja saabumist isikuandmed kustutatakse automaatselt. Isikuandmed kustutatakse enne nimetatud t\u00e4htaega juhul, kui Apollo Klubi liige teeb Apollo Grupp\u2019ile vastavasisulise taotluse.<\/li>\n<\/ul>\n<\/div>\n<p>&nbsp;<\/p>\n<h3 class=\"active\">Apollo klubis isikuandmete vastutav t\u00f6\u00f6tleja ja vaidluste lahendamine<\/h3>\n<div>\n<ul>\n<li>Lojaalsusprogrammi raames on isikuandmete vastutavaks t\u00f6\u00f6tlejaks Apollo Grupp O\u00dc. Apollo Grupp\u2019il on Apollo klubi lojaalsusprogrammi raames \u00f5igus edastada isikuandmeid koost\u00f6\u00f6partneritest volitatud t\u00f6\u00f6tlejatele eesm\u00e4rgiga pakkuda klubi liikmetele parimat teenust. Volitatud t\u00f6\u00f6tlejatel on \u00f5igus isikuandmeid t\u00f6\u00f6delda ainult Apollo Grupp\u2019ilt saadud juhiste j\u00e4rgi ning volitatud t\u00f6\u00f6tlejad on kohustatud tagama isikuandmete kaitse. Isikuandmete volitatud t\u00f6\u00f6tlejad on toodud siin.<\/li>\n<li>Apollo klubi raames isikuandmete t\u00f6\u00f6tlemise kohta k\u00fcsimuste tekkimisel on klubi liikmel igal ajal \u00f5igus \u00fchendust v\u00f5tta Apollo Grupp\u2019i andmekaitsespetsialistiga aadressil info@apollo.ee<\/li>\n<li>Juhul, kui Apollo klubi liige leiab, et isikuandmete t\u00f6\u00f6tlemisel Apollo Grupp\u2019i lojaalsusprogrammi raames rikutakse tema \u00f5igusi, on klubi liikmel \u00f5igus p\u00f6\u00f6rduda Andmekaitse Inspektsiooni ja kohtu poole.<\/li>\n<\/ul>\n<\/div>\n<h3 class=\"active\">Muud tingimused<\/h3>\n<div>\n<ul>\n<li>Apollo Grupp\u2019il on \u00f5igus \u00fchepoolselt muuta Apollo Klubi tingimusi, sh boonusprogrammi tingimusi ja hinnakirja.<\/li>\n<li>Apollo klubiga seotud k\u00fcsimuste korral palume v\u00f5tta \u00fchendust telefonil 6336020 t\u00f6\u00f6p\u00e4evadel kl 9 &#8211; 17 v\u00f5i meiliaadressil info@apollo.ee<\/li>\n<\/ul>\n<\/div>\n<\/div>\n<\/div>\n<p>&nbsp;<\/p>\n","protected":false},"excerpt":{"rendered":"<p>Isikuandmete t\u00f6\u00f6tlemine Apollo klubis Apollo klubis registreeritakse kasutaja ees- ja perekonnanimi, isikukood, telefoninumber, e-post ja vajadusel, posti ja tarneaadress, otseturunduse n\u00f5usolekud, Apollo klubi liikmena registreeritud ostud. Apollo Group O\u00dc (Edaspidi: Apollo Grupp) t\u00f6\u00f6tleb Apollo Klubi liikme isikuandmeid taotleja poolt Apollo Klubi taotluse esitamisel ja Apollo klubi tingimustega n\u00f5ustumisel j\u00f5ustunud lepingu alusel. Apollo klubiga liitumise taotlemisel [&hellip;]<\/p>\n","protected":false},"author":2,"featured_media":0,"parent":0,"menu_order":0,"comment_status":"closed","ping_status":"closed","template":"simple-page-template.php","meta":{"_acf_changed":false,"_seopress_robots_primary_cat":"","_seopress_titles_title":"","_seopress_titles_desc":"","_seopress_robots_index":"","footnotes":""},"class_list":["post-1557","page","type-page","status-publish"],"acf":[],"_links":{"self":[{"href":"https:\/\/blenderjuice.ee\/en\/wp-json\/wp\/v2\/pages\/1557","targetHints":{"allow":["GET"]}}],"collection":[{"href":"https:\/\/blenderjuice.ee\/en\/wp-json\/wp\/v2\/pages"}],"about":[{"href":"https:\/\/blenderjuice.ee\/en\/wp-json\/wp\/v2\/types\/page"}],"author":[{"embeddable":true,"href":"https:\/\/blenderjuice.ee\/en\/wp-json\/wp\/v2\/users\/2"}],"replies":[{"embeddable":true,"href":"https:\/\/blenderjuice.ee\/en\/wp-json\/wp\/v2\/comments?post=1557"}],"version-history":[{"count":1,"href":"https:\/\/blenderjuice.ee\/en\/wp-json\/wp\/v2\/pages\/1557\/revisions"}],"predecessor-version":[{"id":1743,"href":"https:\/\/blenderjuice.ee\/en\/wp-json\/wp\/v2\/pages\/1557\/revisions\/1743"}],"wp:attachment":[{"href":"https:\/\/blenderjuice.ee\/en\/wp-json\/wp\/v2\/media?parent=1557"}],"curies":[{"name":"wp","href":"https:\/\/api.w.org\/{rel}","templated":true}]}}