{"id":1572,"date":"2020-06-09T12:18:12","date_gmt":"2020-06-09T09:18:12","guid":{"rendered":"https:\/\/blenderjuice.ee\/tule-toole\/"},"modified":"2023-09-11T13:27:13","modified_gmt":"2023-09-11T10:27:13","slug":"tule-toole","status":"publish","type":"page","link":"https:\/\/blenderjuice.ee\/en\/tule-toole\/","title":{"rendered":"Tahad liituda Blenderi tiimiga?"},"content":{"rendered":"<div>\n<p style=\"text-align: left;\">Sulle meeldib tervislikult toituda ning v\u00e4rsketest viljadest saadud vitamiinid? Arvad, et on \u00e4ge hea muusika saate \u00f5untega \u017eongl\u00f6\u00f6rida ja tunned, et suudad iga inimese enda juurest r\u00f5\u00f5msamana \u00e4ra saata?<\/p>\n<\/div>\n<div style=\"text-align: left;\">\n<p>V\u00e4ga hea- just Sind otsimegi!<\/p>\n<\/div>\n<p><a href=\"https:\/\/recruitlab.co.uk\/i\/apolloee\/jobs\/16\/tule-kasva-meiega\" target=\"_blank\" rel=\"noopener noreferrer\"><img decoding=\"async\" class=\"alignleft wp-image-865\" src=\"https:\/\/blenderjuice.ee\/wp-content\/uploads\/2020\/06\/blenderjuice-liitu-tiimiga-button.png\" alt=\"Liitu Blender tiimiga\" width=\"180\" height=\"51\" \/><\/a><\/p>\n<p>&nbsp;<\/p>\n<p>&nbsp;<\/p>\n<p>Tule t\u00f6\u00f6le:<\/p>\n<p><img fetchpriority=\"high\" decoding=\"async\" class=\"wp-image-862 size-large\" src=\"https:\/\/blenderjuice.ee\/wp-content\/uploads\/2020\/06\/blenderjuice-tule-toole-foto-cut-1024x509.jpg\" alt=\"\" width=\"1024\" height=\"509\" srcset=\"https:\/\/blenderjuice.ee\/wp-content\/uploads\/2020\/06\/blenderjuice-tule-toole-foto-cut-1024x509.jpg 1024w, https:\/\/blenderjuice.ee\/wp-content\/uploads\/2020\/06\/blenderjuice-tule-toole-foto-cut-600x299.jpg 600w, https:\/\/blenderjuice.ee\/wp-content\/uploads\/2020\/06\/blenderjuice-tule-toole-foto-cut-300x149.jpg 300w, https:\/\/blenderjuice.ee\/wp-content\/uploads\/2020\/06\/blenderjuice-tule-toole-foto-cut-768x382.jpg 768w, https:\/\/blenderjuice.ee\/wp-content\/uploads\/2020\/06\/blenderjuice-tule-toole-foto-cut.jpg 1200w\" sizes=\"(max-width: 1024px) 100vw, 1024px\" \/><\/p>\n<p>Blenderi meeskond on \u00fcle k\u00f5ige!<\/p>\n<p><video controls=\"controls\" width=\"1024\" poster=\"https:\/\/blenderjuice.ee\/wp-content\/uploads\/2023\/09\/thumbnail.jpg\"><span data-mce-type=\"bookmark\" style=\"display: inline-block; width: 0px; overflow: hidden; line-height: 0;\" class=\"mce_SELRES_start\">\ufeff<\/span><source src=\"https:\/\/blenderjuice.ee\/wp-content\/uploads\/2023\/09\/blenderjustin.mov\" type=\"video\/mp4\" \/><source src=\"https:\/\/blenderjuice.ee\/wp-content\/uploads\/2023\/09\/blenderjustin.mov\" type=\"video\/ogg\" \/>Your browser does not support the video tag.<\/video><\/p>\n","protected":false},"excerpt":{"rendered":"<p>Sulle meeldib tervislikult toituda ning v\u00e4rsketest viljadest saadud vitamiinid? Arvad, et on \u00e4ge hea muusika saate \u00f5untega \u017eongl\u00f6\u00f6rida ja tunned, et suudad iga inimese enda juurest r\u00f5\u00f5msamana \u00e4ra saata? V\u00e4ga hea- just Sind otsimegi! &nbsp; &nbsp; Tule t\u00f6\u00f6le: Blenderi meeskond on \u00fcle k\u00f5ige! \ufeffYour browser does not support the video tag.<\/p>\n","protected":false},"author":2,"featured_media":0,"parent":0,"menu_order":0,"comment_status":"closed","ping_status":"closed","template":"simple-page-template.php","meta":{"_acf_changed":false,"_seopress_robots_primary_cat":"","_seopress_titles_title":"Liitu Blenderi tiimiga!","_seopress_titles_desc":"Sulle meeldib tervislik elustiil? Naudid smuutisid ning head kohvi? Oled vaba suhtleja? Jah - just Sind me otsimegi! Liitu Blenderi tiimiga!","_seopress_robots_index":"","footnotes":""},"class_list":["post-1572","page","type-page","status-publish"],"acf":[],"_links":{"self":[{"href":"https:\/\/blenderjuice.ee\/en\/wp-json\/wp\/v2\/pages\/1572","targetHints":{"allow":["GET"]}}],"collection":[{"href":"https:\/\/blenderjuice.ee\/en\/wp-json\/wp\/v2\/pages"}],"about":[{"href":"https:\/\/blenderjuice.ee\/en\/wp-json\/wp\/v2\/types\/page"}],"author":[{"embeddable":true,"href":"https:\/\/blenderjuice.ee\/en\/wp-json\/wp\/v2\/users\/2"}],"replies":[{"embeddable":true,"href":"https:\/\/blenderjuice.ee\/en\/wp-json\/wp\/v2\/comments?post=1572"}],"version-history":[{"count":10,"href":"https:\/\/blenderjuice.ee\/en\/wp-json\/wp\/v2\/pages\/1572\/revisions"}],"predecessor-version":[{"id":3421,"href":"https:\/\/blenderjuice.ee\/en\/wp-json\/wp\/v2\/pages\/1572\/revisions\/3421"}],"wp:attachment":[{"href":"https:\/\/blenderjuice.ee\/en\/wp-json\/wp\/v2\/media?parent=1572"}],"curies":[{"name":"wp","href":"https:\/\/api.w.org\/{rel}","templated":true}]}}