{"id":1576,"date":"2020-05-29T11:21:13","date_gmt":"2020-05-29T08:21:13","guid":{"rendered":"https:\/\/blenderjuice.ee\/klienditugi\/"},"modified":"2020-09-02T11:25:17","modified_gmt":"2020-09-02T08:25:17","slug":"klienditugi","status":"publish","type":"page","link":"https:\/\/blenderjuice.ee\/en\/klienditugi\/","title":{"rendered":"Klienditugi"},"content":{"rendered":"<h3>Sul on k\u00fcsimus? Mure? Tagasiside? V\u00f5i soovid hoopis meie toredat tiimi kiita?<\/h3>\n<p>Kirjuta meile\u00a0<a href=\"mailto:info@blenderjuice.ee\">info@blenderjuice.ee<\/a>\u00a0v\u00f5i v\u00f5ta \u00fchendust l\u00e4bi <a href=\"https:\/\/www.facebook.com\/blenderjuicecoffee\/\">FaceBooki<\/a>!<\/p>\n<p>&nbsp;<\/p>\n<p>&nbsp;<\/p>\n<p><img fetchpriority=\"high\" decoding=\"async\" class=\"size-medium wp-image-1017 aligncenter\" src=\"https:\/\/blenderjuice.ee\n\/wp-content\/uploads\/2020\/08\/DSC1601_-300x214.jpg\n\/wp-content\/uploads\/2020\/08\/DSC1601_-300x214.jpg\n\/wp-content\/uploads\/2020\/08\/DSC1601_-300x214.jpg\" alt=\"Blenderi vitamiinid on nakkavad\" width=\"300\" height=\"214\" srcset=\"https:\/\/blenderjuice.ee\/wp-content\/uploads\/2020\/08\/DSC1601_-300x214.jpg 300w, https:\/\/blenderjuice.ee\/wp-content\/uploads\/2020\/08\/DSC1601_-600x429.jpg 600w, https:\/\/blenderjuice.ee\/wp-content\/uploads\/2020\/08\/DSC1601_-1024x732.jpg 1024w, https:\/\/blenderjuice.ee\/wp-content\/uploads\/2020\/08\/DSC1601_-768x549.jpg 768w, https:\/\/blenderjuice.ee\/wp-content\/uploads\/2020\/08\/DSC1601_-1536x1097.jpg 1536w, https:\/\/blenderjuice.ee\/wp-content\/uploads\/2020\/08\/DSC1601_.jpg 1600w\" sizes=\"(max-width: 300px) 100vw, 300px\" \/><\/p>\n","protected":false},"excerpt":{"rendered":"<p>Sul on k\u00fcsimus? Mure? Tagasiside? V\u00f5i soovid hoopis meie toredat tiimi kiita? Kirjuta meile\u00a0info@blenderjuice.ee\u00a0v\u00f5i v\u00f5ta \u00fchendust l\u00e4bi FaceBooki! &nbsp; &nbsp;<\/p>\n","protected":false},"author":2,"featured_media":0,"parent":0,"menu_order":0,"comment_status":"closed","ping_status":"closed","template":"simple-page-template.php","meta":{"_acf_changed":false,"_seopress_robots_primary_cat":"","_seopress_titles_title":"","_seopress_titles_desc":"","_seopress_robots_index":"","footnotes":""},"class_list":["post-1576","page","type-page","status-publish"],"acf":[],"_links":{"self":[{"href":"https:\/\/blenderjuice.ee\/en\/wp-json\/wp\/v2\/pages\/1576","targetHints":{"allow":["GET"]}}],"collection":[{"href":"https:\/\/blenderjuice.ee\/en\/wp-json\/wp\/v2\/pages"}],"about":[{"href":"https:\/\/blenderjuice.ee\/en\/wp-json\/wp\/v2\/types\/page"}],"author":[{"embeddable":true,"href":"https:\/\/blenderjuice.ee\/en\/wp-json\/wp\/v2\/users\/2"}],"replies":[{"embeddable":true,"href":"https:\/\/blenderjuice.ee\/en\/wp-json\/wp\/v2\/comments?post=1576"}],"version-history":[{"count":3,"href":"https:\/\/blenderjuice.ee\/en\/wp-json\/wp\/v2\/pages\/1576\/revisions"}],"predecessor-version":[{"id":1760,"href":"https:\/\/blenderjuice.ee\/en\/wp-json\/wp\/v2\/pages\/1576\/revisions\/1760"}],"wp:attachment":[{"href":"https:\/\/blenderjuice.ee\/en\/wp-json\/wp\/v2\/media?parent=1576"}],"curies":[{"name":"wp","href":"https:\/\/api.w.org\/{rel}","templated":true}]}}