{"id":1583,"date":"2020-05-26T09:22:14","date_gmt":"2020-05-26T06:22:14","guid":{"rendered":"https:\/\/blenderjuice.ee\/kkk\/"},"modified":"2022-09-06T12:13:56","modified_gmt":"2022-09-06T09:13:56","slug":"kkk","status":"publish","type":"page","link":"https:\/\/blenderjuice.ee\/en\/kkk\/","title":{"rendered":"KKK"},"content":{"rendered":"<h2><strong>Kas Blenderi smuutidesse lisatakse suhkrut?<\/strong><\/h2>\n<p>Ei, Blender ei kasuta oma toodetes suhkrut. Meie smuutid p\u00f5hinevad v\u00e4rskest toorainest. S\u00f5ltuvalt smuutist lisame juurde vaid spiruliinat, proteiini, mathcat vmt tervislikke lisandit, mille oleme smuuti koostises ka v\u00e4lja toonud. Smuutide maitsed on kombineeritud erinevatest marjadest-puuviljadest-k\u00f6\u00f6giviljadest just nii, et nad oleks m\u00f5nusad tarbida ja tervist t\u00e4is.<\/p>\n<h2><strong>Kas Blenderist saab ka s\u00fc\u00fca?<\/strong><\/h2>\n<p><span data-sheets-value=\"{&quot;1&quot;:2,&quot;2&quot;:&quot;Jaa, lisaks toitvatele ja vitamiinirohketele smuutidele pakume ka ausaid ja v\u00e4rskeid salateid, salatibowle ning Blenderi v\u00f5ikusid.\\nTraditsioonilise kiirtoidu asemel ei ole meie lisandid frit\u00fc\u00fcritud ning on v\u00e4rsked. Meie v\u00f5ileibadest leiab veel tervislikke koostisaineid nagu avokaado ja pesto \\nning valikuid on l\u00f5hest ja kanast hummuseni v\u00e4lja.&quot;}\" data-sheets-userformat=\"{&quot;2&quot;:513,&quot;3&quot;:{&quot;1&quot;:0},&quot;12&quot;:0}\">Jaa, lisaks toitvatele ja vitamiinirohketele smuutidele pakume ka ausaid ja v\u00e4rskeid salateid, salatibowle ning Blenderi v\u00f5ikusid.<br \/>\nTraditsioonilise kiirtoidu asemel ei ole meie lisandid frit\u00fc\u00fcritud ning on v\u00e4rsked. Meie v\u00f5ileibadest leiab veel tervislikke koostisaineid nagu avokaado ja pesto<br \/>\nning valikuid on l\u00f5hest ja kanast hummuseni v\u00e4lja.<\/span><\/p>\n<h2><strong>Kas Blenderist saab kohvi?<\/strong><\/h2>\n<p><span data-sheets-value=\"{&quot;1&quot;:2,&quot;2&quot;:&quot;Jaa, Blenderist saab \u00fchte eesti parimat kohvi. Meie kohvioad p\u00e4rinevad kohalikust CofeePeople r\u00f6stikojast ning kohvid tehakse kohapeal hoole ja armastusega meie\\nbaristade poolt. Haara kaasa v\u00f5i tarbi kohapeal, m\u00f5nus kohvielamus on garanteeritud - oled Sa Latte v\u00f5i musta kohvi s\u00f5ber.&quot;}\" data-sheets-userformat=\"{&quot;2&quot;:513,&quot;3&quot;:{&quot;1&quot;:0},&quot;12&quot;:0}\">Jaa, Blenderist saab \u00fchte eesti parimat kohvi. Meie kohvioad p\u00e4rinevad kohalikust CofeePeople r\u00f6stikojast ning kohvid tehakse kohapeal hoole ja armastusega meie<br \/>\nbaristade poolt. Haara kaasa v\u00f5i tarbi kohapeal, m\u00f5nus kohvielamus on garanteeritud &#8211; oled Sa Latte v\u00f5i musta kohvi s\u00f5ber.<\/span><\/p>\n<h2><span data-sheets-value=\"{&quot;1&quot;:2,&quot;2&quot;:&quot;Kui kaua l\u00e4heb toodete k\u00e4ttesaamisega?&quot;}\" data-sheets-userformat=\"{&quot;2&quot;:16897,&quot;3&quot;:{&quot;1&quot;:0},&quot;12&quot;:0,&quot;17&quot;:1}\"><strong>Kui kaua l\u00e4heb toodete k\u00e4ttesaamisega?<\/strong><\/span><\/h2>\n<p><span data-sheets-value=\"{&quot;1&quot;:2,&quot;2&quot;:&quot;Kui kaua l\u00e4heb toodete k\u00e4ttesaamisega?&quot;}\" data-sheets-userformat=\"{&quot;2&quot;:16897,&quot;3&quot;:{&quot;1&quot;:0},&quot;12&quot;:0,&quot;17&quot;:1}\">Blender on hea n\u00e4ide, et kiire ei pea olema ebatervislik.<br \/>\nV\u00e4rske smuuti-salat-v\u00f5iku valmib Sinu pilgu all ning \u00fcldiselt ca 5-10 minutiga on Sul m\u00f5nus, tervislik, v\u00e4rske ja maitsev toidukord v\u00f5i vahepala n\u00e4pus.<br \/>\n<\/span><\/p>\n<h2><span data-sheets-value=\"{&quot;1&quot;:2,&quot;2&quot;:&quot;Kas Teile saab Blenderisse t\u00f6\u00f6le?&quot;}\" data-sheets-userformat=\"{&quot;2&quot;:16897,&quot;3&quot;:{&quot;1&quot;:0},&quot;12&quot;:0,&quot;17&quot;:1}\"><strong>Kas Teile saab Blenderisse t\u00f6\u00f6le?<\/strong><\/span><\/h2>\n<p><span data-sheets-value=\"{&quot;1&quot;:2,&quot;2&quot;:&quot;Kas Teile saab Blenderisse t\u00f6\u00f6le?&quot;}\" data-sheets-userformat=\"{&quot;2&quot;:16897,&quot;3&quot;:{&quot;1&quot;:0},&quot;12&quot;:0,&quot;17&quot;:1}\">Anna meile oma soovist teada ja <strong><a href=\"https:\/\/blenderjuice.ee\/en\/tule-toole\/\">t\u00e4ida avaldus<\/a><\/strong> ! H\u00e4id inimesi ei ole kunagi \u00fclearu!<\/span><\/p>\n","protected":false},"excerpt":{"rendered":"<p>Kas Blenderi smuutidesse lisatakse suhkrut? Ei, Blender ei kasuta oma toodetes suhkrut. Meie smuutid p\u00f5hinevad v\u00e4rskest toorainest. S\u00f5ltuvalt smuutist lisame juurde vaid spiruliinat, proteiini, mathcat vmt tervislikke lisandit, mille oleme smuuti koostises ka v\u00e4lja toonud. Smuutide maitsed on kombineeritud erinevatest marjadest-puuviljadest-k\u00f6\u00f6giviljadest just nii, et nad oleks m\u00f5nusad tarbida ja tervist t\u00e4is. Kas Blenderist saab ka [&hellip;]<\/p>\n","protected":false},"author":2,"featured_media":0,"parent":0,"menu_order":0,"comment_status":"closed","ping_status":"closed","template":"simple-page-template.php","meta":{"_acf_changed":false,"_seopress_robots_primary_cat":"","_seopress_titles_title":"Blender Smuuti- ja Mahlabaar ???? - korduma kippuvad k\u00fcsimused","_seopress_titles_desc":"Kas Blenderist saab ka s\u00fc\u00fca? Kuidas Blenderisse t\u00f6\u00f6le saada? Kas kohvi saab? Kas Blenderi smuutis on suhkrut? Loe vastuseid!","_seopress_robots_index":"","footnotes":""},"class_list":["post-1583","page","type-page","status-publish"],"acf":[],"_links":{"self":[{"href":"https:\/\/blenderjuice.ee\/en\/wp-json\/wp\/v2\/pages\/1583","targetHints":{"allow":["GET"]}}],"collection":[{"href":"https:\/\/blenderjuice.ee\/en\/wp-json\/wp\/v2\/pages"}],"about":[{"href":"https:\/\/blenderjuice.ee\/en\/wp-json\/wp\/v2\/types\/page"}],"author":[{"embeddable":true,"href":"https:\/\/blenderjuice.ee\/en\/wp-json\/wp\/v2\/users\/2"}],"replies":[{"embeddable":true,"href":"https:\/\/blenderjuice.ee\/en\/wp-json\/wp\/v2\/comments?post=1583"}],"version-history":[{"count":2,"href":"https:\/\/blenderjuice.ee\/en\/wp-json\/wp\/v2\/pages\/1583\/revisions"}],"predecessor-version":[{"id":2957,"href":"https:\/\/blenderjuice.ee\/en\/wp-json\/wp\/v2\/pages\/1583\/revisions\/2957"}],"wp:attachment":[{"href":"https:\/\/blenderjuice.ee\/en\/wp-json\/wp\/v2\/media?parent=1583"}],"curies":[{"name":"wp","href":"https:\/\/api.w.org\/{rel}","templated":true}]}}