{"id":3631,"date":"2023-11-30T16:02:05","date_gmt":"2023-11-30T13:02:05","guid":{"rendered":"https:\/\/blenderjuice.ee\/?post_type=product&#038;p=3631"},"modified":"2025-12-12T16:23:56","modified_gmt":"2025-12-12T14:23:56","slug":"pepper-chick","status":"publish","type":"product","link":"https:\/\/blenderjuice.ee\/en\/product\/pepper-chick\/","title":{"rendered":"Pepper Chick"},"content":{"rendered":"","protected":false},"excerpt":{"rendered":"<h2>Pepper Chick is like a tuned Chick Ross, with pickled peppers to complement the flavor combinations &#8211; we guarantee that even those who don&#8217;t like peppers will like it!<\/h2>\n<p><b>Try our newest butter with chicken fillet, order Pepper Chick!<\/b><\/p>\n","protected":false},"featured_media":3645,"comment_status":"open","ping_status":"closed","template":"","meta":{"_acf_changed":false,"_seopress_robots_primary_cat":"none","_seopress_titles_title":"Blender | Pepper Chick with Crispy Butter Chicken????","_seopress_titles_desc":"Kanafilee ja tervislike lisanditega m\u00f5nusalt kr\u00f5be v\u00f5iku kas seemneleiva v\u00f5i ciabattaga. K\u00fcsi Pearl Ham serranov\u00f5ikut Blenderist!","_seopress_robots_index":""},"product_brand":[],"product_cat":[421],"product_tag":[444,553,580,590,620,637],"class_list":{"0":"post-3631","1":"product","2":"type-product","3":"status-publish","4":"has-post-thumbnail","6":"product_cat-sandwiches","7":"product_tag-avokaado-en","8":"product_tag-pesto-en","9":"product_tag-rucola-en-2","10":"product_tag-serrano-en","11":"product_tag-tomat-en","12":"product_tag-voiku-en","14":"first","15":"instock","16":"sale","17":"shipping-taxable","18":"purchasable","19":"product-type-variable"},"acf":[],"_links":{"self":[{"href":"https:\/\/blenderjuice.ee\/en\/wp-json\/wp\/v2\/product\/3631","targetHints":{"allow":["GET"]}}],"collection":[{"href":"https:\/\/blenderjuice.ee\/en\/wp-json\/wp\/v2\/product"}],"about":[{"href":"https:\/\/blenderjuice.ee\/en\/wp-json\/wp\/v2\/types\/product"}],"replies":[{"embeddable":true,"href":"https:\/\/blenderjuice.ee\/en\/wp-json\/wp\/v2\/comments?post=3631"}],"wp:featuredmedia":[{"embeddable":true,"href":"https:\/\/blenderjuice.ee\/en\/wp-json\/wp\/v2\/media\/3645"}],"wp:attachment":[{"href":"https:\/\/blenderjuice.ee\/en\/wp-json\/wp\/v2\/media?parent=3631"}],"wp:term":[{"taxonomy":"product_brand","embeddable":true,"href":"https:\/\/blenderjuice.ee\/en\/wp-json\/wp\/v2\/product_brand?post=3631"},{"taxonomy":"product_cat","embeddable":true,"href":"https:\/\/blenderjuice.ee\/en\/wp-json\/wp\/v2\/product_cat?post=3631"},{"taxonomy":"product_tag","embeddable":true,"href":"https:\/\/blenderjuice.ee\/en\/wp-json\/wp\/v2\/product_tag?post=3631"}],"curies":[{"name":"wp","href":"https:\/\/api.w.org\/{rel}","templated":true}]}}